{"id":338,"date":"2020-06-11T15:11:54","date_gmt":"2020-06-11T15:11:54","guid":{"rendered":"https:\/\/eltonel.cat\/?page_id=338"},"modified":"2020-07-19T14:32:22","modified_gmt":"2020-07-19T14:32:22","slug":"politica-de-cookies","status":"publish","type":"page","link":"https:\/\/eltonel.cat\/index.php\/politica-de-cookies\/","title":{"rendered":"Pol\u00edtica de Cookies"},"content":{"rendered":"\n<p><strong>eltonel.cat <\/strong>utiliza cookies para el funcionamiento de su sitio web.<\/p>\n\n\n\n<p>Las cookies son archivos de texto que contienen peque\u00f1as cantidades de informaci\u00f3n que se descargan en su ordenador o dispositivo m\u00f3vil cuando usted visita un sitio web. Las cookies se env\u00edan de vuelta al sitio web original en cada visita posterior, o a otro sitio web que las reconoce. Las cookies son \u00fatiles porque permiten a un sitio web reconocer el dispositivo del usuario. Las cookies pueden realizar diferentes funciones como permitir navegar entre las p\u00e1ginas de manera eficiente, recordando sus preferencias, y en general mejorar la navegaci\u00f3n del usuario.<\/p>\n\n\n\n<p>El Tonel utiliza en este sitio web las siguientes cookies: <\/p>\n\n\n\n<p>\u2022<strong> Cookie Notice<\/strong>,  permite informar a los usuarios de que nuestra web usa cookies y ayuda a cumplir con la ley de cookies del RGPD de la UE y la normativa CCPA. <\/p>\n\n\n\n<p>\u2022 <strong>LiteSpeed Cache<\/strong>, Cach\u00e9 de p\u00e1ginas de alto rendimiento y optimizaci\u00f3n de sitio de LiteSpeed.<\/p>\n\n\n\n<p>\u2022<strong>Really Simple SSL<\/strong>,&nbsp;Plugin ligero sin configuraciones que hace que tu sitio cargue con SSL.<\/p>\n\n\n\n<p><\/p>\n\n\n\n<p><\/p>\n\n\n\n<p><\/p>\n\n\n\n<p>DESACTIVACI\u00d3N, ELIMINACI\u00d3N DE LAS COOKIES Y REVOCACI\u00d3N DEL CONSENTIMIENTO \u201cOPT OUT\u201d.<\/p>\n\n\n\n<p>La mayor\u00eda de navegadores web permite gestionar, en cualquier momento, las preferencias del Usuario sobre el uso de las Cookies. El Usuario puede ajustar su navegador para que rechace Cookies o elimine determinadas Cookies seg\u00fan su criterio.<\/p>\n\n\n\n<p>Para obtener m\u00e1s informaci\u00f3n sobre las Cookies y permitir, bloquear o eliminar las Cookies instaladas en su equipo, el Usuario puede hacerlo mediante la configuraci\u00f3n de las opciones del navegador instalado en su ordenador, siendo el funcionamiento de la siguiente manera:<\/p>\n\n\n\n<p>Si utiliza <strong>Microsoft Internet Explorer<\/strong>, la informaci\u00f3n sobre c\u00f3mo bloquear o eliminar el uso de la cookies puede hacerlo a trav\u00e9s de la opci\u00f3n de men\u00fa Herramientas, seleccionando Opciones de Internet y accediendo a Privacidad y finalmente a Configuraci\u00f3n.<\/p>\n\n\n\n<p>Para m\u00e1s informaci\u00f3n, puede consultar la siguiente URL: <a href=\"http:\/\/windows.microsoft.com\/es-es\/windows7\/how-to-manage-cookies-in-internet-explorer-9\">http:\/\/windows.microsoft.com\/es-es\/windows7\/how-to-manage-cookies-in-internet-explorer-9<\/a> o la Ayuda del navegador con el t\u00e9rmino \u201cCookie\u201d.<\/p>\n\n\n\n<p>Si utiliza <strong>Firefox<\/strong>, la informaci\u00f3n sobre c\u00f3mo bloquear o eliminar el uso de la cookies para Mac puede hacerlo a trav\u00e9s de la opci\u00f3n de men\u00fa Preferencias, seleccionando Privacidad, accediendo al apartado Mostrar Cookies; y para Windows en la opci\u00f3n de men\u00fa Herramientas, seleccionando Opciones, accediendo a Privacidad y luego a Usar una configuraci\u00f3n personalizada para el historial.<\/p>\n\n\n\n<p>Para m\u00e1s informaci\u00f3n, puede consultar la siguiente URL:&nbsp;<a href=\"https:\/\/support.mozilla.org\/es\/kb\/habilitar-y-deshabilitar-cookies-sitios-web-rastrear-preferencias\">https:\/\/support.mozilla.org\/es\/kb\/habilitar-y-deshabilitar-cookies-sitios-web-rastrear-preferencias<\/a><\/p>\n\n\n\n<p>Si utiliza <strong>Safari<\/strong>, la informaci\u00f3n sobre c\u00f3mo bloquear o eliminar el uso de la cookies puede hacerlo a trav\u00e9s de la opci\u00f3n de men\u00fa Edici\u00f3n \u00ac Preferencias \u00ac Privacidad y seleccionando las opciones que desee.<\/p>\n\n\n\n<p>Para m\u00e1s informaci\u00f3n, puede consultar el soporte de Apple: <a href=\"http:\/\/www.apple.com\/es\/support\/mac-apps\/safari\/\">http:\/\/www.apple.com\/es\/support\/mac-apps\/safari\/<\/a> o la Ayuda del navegador.<\/p>\n\n\n\n<p>Si utiliza <strong>Google Chrome<\/strong>, la informaci\u00f3n sobre c\u00f3mo bloquear o eliminar el uso de la cookies puede hacerlo a trav\u00e9s de la opci\u00f3n de men\u00fa Herramientas, seleccionando Configuraci\u00f3n (Preferencias en Mac), accediendo a Avanzadas y luego en la opci\u00f3n Configuraci\u00f3n Contenido de la secci\u00f3n Privacidad, y finalmente seleccionando la configuraci\u00f3n de cookies que desee.<\/p>\n\n\n\n<p>Para m\u00e1s informaci\u00f3n, puede consultar la siguiente URL: <a href=\"https:\/\/support.google.com\/chrome\/answer\/95647?hl=es\">https:\/\/support.google.com\/chrome\/answer\/95647?hl=es<\/a> o la Ayuda del navegador con el t\u00e9rmino \u201cCookie\u201d<\/p>\n","protected":false},"excerpt":{"rendered":"<p>eltonel.cat utiliza cookies para el funcionamiento de su sitio web. Las cookies son archivos de texto que contienen peque\u00f1as cantidades de informaci\u00f3n que se descargan en su ordenador o dispositivo m\u00f3vil cuando usted visita un sitio web. Las cookies se env\u00edan de vuelta al sitio web original en cada visita posterior, o a otro sitio [&hellip;]<\/p>\n","protected":false},"author":1,"featured_media":0,"parent":0,"menu_order":0,"comment_status":"closed","ping_status":"closed","template":"","meta":{"_et_pb_use_builder":"off","_et_pb_old_content":"","_et_gb_content_width":"","footnotes":""},"class_list":["post-338","page","type-page","status-publish","hentry"],"_links":{"self":[{"href":"https:\/\/eltonel.cat\/index.php\/wp-json\/wp\/v2\/pages\/338","targetHints":{"allow":["GET"]}}],"collection":[{"href":"https:\/\/eltonel.cat\/index.php\/wp-json\/wp\/v2\/pages"}],"about":[{"href":"https:\/\/eltonel.cat\/index.php\/wp-json\/wp\/v2\/types\/page"}],"author":[{"embeddable":true,"href":"https:\/\/eltonel.cat\/index.php\/wp-json\/wp\/v2\/users\/1"}],"replies":[{"embeddable":true,"href":"https:\/\/eltonel.cat\/index.php\/wp-json\/wp\/v2\/comments?post=338"}],"version-history":[{"count":10,"href":"https:\/\/eltonel.cat\/index.php\/wp-json\/wp\/v2\/pages\/338\/revisions"}],"predecessor-version":[{"id":365,"href":"https:\/\/eltonel.cat\/index.php\/wp-json\/wp\/v2\/pages\/338\/revisions\/365"}],"wp:attachment":[{"href":"https:\/\/eltonel.cat\/index.php\/wp-json\/wp\/v2\/media?parent=338"}],"curies":[{"name":"wp","href":"https:\/\/api.w.org\/{rel}","templated":true}]}}