{"id":109,"date":"2019-10-21T18:39:42","date_gmt":"2019-10-21T18:39:42","guid":{"rendered":"https:\/\/eltonel.cat\/?page_id=109"},"modified":"2020-06-07T15:55:01","modified_gmt":"2020-06-07T15:55:01","slug":"productes","status":"publish","type":"page","link":"https:\/\/eltonel.cat\/index.php\/productes\/","title":{"rendered":"Productes"},"content":{"rendered":"<p>[et_pb_section fb_built=\u00bb1&#8243; fullwidth=\u00bbon\u00bb disabled_on=\u00bboff|off|off\u00bb admin_label=\u00bbHero\u00bb _builder_version=\u00bb4.0.7&#8243; background_color=\u00bb#1f1f1f\u00bb parallax=\u00bbon\u00bb custom_padding=\u00bb|||\u00bb transparent_background=\u00bbon\u00bb][et_pb_fullwidth_header title=\u00bbPer enc\u00e0rrec\u00bb text_orientation=\u00bbcenter\u00bb background_overlay_color=\u00bbrgba(31,31,31,0.85)\u00bb subhead_font_color=\u00bb#bebebe\u00bb _builder_version=\u00bb4.0.7&#8243; title_font=\u00bbPlayfair Display||||\u00bb title_text_color=\u00bb#ffffff\u00bb title_font_size=\u00bb72px\u00bb title_line_height=\u00bb1.3em\u00bb content_font=\u00bbMontserrat||||\u00bb content_text_color=\u00bb#bfbfbf\u00bb content_font_size=\u00bb19px\u00bb content_line_height=\u00bb1.8em\u00bb subhead_font=\u00bbMontserrat||||\u00bb subhead_text_color=\u00bb#bebebe\u00bb subhead_line_height=\u00bb1.8em\u00bb background_color=\u00bbrgba(255, 255, 255, 0)\u00bb background_image=\u00bbhttps:\/\/eltonel.cat\/wp-content\/uploads\/2019\/10\/restaurant-hero-03.jpg\u00bb parallax=\u00bbon\u00bb parallax_method=\u00bbon\u00bb custom_padding=\u00bb5%||5%|\u00bb animation_style=\u00bbzoom\u00bb animation_duration=\u00bb1500ms\u00bb animation_intensity_zoom=\u00bb4%\u00bb title_line_height_last_edited=\u00bboff|desktop\u00bb button_one_text_size__hover_enabled=\u00bboff\u00bb button_two_text_size__hover_enabled=\u00bboff\u00bb button_one_text_color__hover_enabled=\u00bboff\u00bb button_two_text_color__hover_enabled=\u00bboff\u00bb button_one_border_width__hover_enabled=\u00bboff\u00bb button_two_border_width__hover_enabled=\u00bboff\u00bb button_one_border_color__hover_enabled=\u00bboff\u00bb button_two_border_color__hover_enabled=\u00bboff\u00bb button_one_border_radius__hover_enabled=\u00bboff\u00bb button_two_border_radius__hover_enabled=\u00bboff\u00bb button_one_letter_spacing__hover_enabled=\u00bboff\u00bb button_two_letter_spacing__hover_enabled=\u00bboff\u00bb button_one_bg_color__hover_enabled=\u00bboff\u00bb button_two_bg_color__hover_enabled=\u00bboff\u00bb]<\/p>\n<p>&nbsp;<\/p>\n<p>Tenim una gran varietat de menjars casolans i carns a la brasa<\/p>\n<p>&nbsp;<\/p>\n<p>[\/et_pb_fullwidth_header][\/et_pb_section][et_pb_section fb_built=\u00bb1&#8243; admin_label=\u00bbGallery\u00bb _builder_version=\u00bb4.0.7&#8243; background_color=\u00bbrgba(206,173,141,0.83)\u00bb background_size=\u00bbinitial\u00bb background_position=\u00bbtop_left\u00bb custom_padding=\u00bb100px||100px|\u00bb hover_enabled=\u00bb0&#8243; collapsed=\u00bboff\u00bb][et_pb_row column_structure=\u00bb1_4,1_4,1_4,1_4&#8243; use_custom_gutter=\u00bbon\u00bb gutter_width=\u00bb2&#8243; module_class=\u00bb et_pb_row_fullwidth\u00bb _builder_version=\u00bb3.25&#8243; background_size=\u00bbinitial\u00bb background_position=\u00bbtop_left\u00bb background_repeat=\u00bbrepeat\u00bb width=\u00bb94%\u00bb width_tablet=\u00bb80%\u00bb width_phone=\u00bb\u00bb width_last_edited=\u00bbon|desktop\u00bb max_width=\u00bb94%\u00bb max_width_tablet=\u00bb80%\u00bb max_width_phone=\u00bb\u00bb max_width_last_edited=\u00bbon|desktop\u00bb custom_margin=\u00bb|||\u00bb custom_padding=\u00bb1.5%||1.5%|\u00bb make_fullwidth=\u00bbon\u00bb][et_pb_column type=\u00bb1_4&#8243; _builder_version=\u00bb3.25&#8243; background_position=\u00bbtop_left\u00bb custom_padding=\u00bb|||\u00bb custom_padding__hover=\u00bb|||\u00bb][et_pb_image src=\u00bbhttps:\/\/eltonel.cat\/wp-content\/uploads\/2019\/12\/calamares.jpg\u00bb force_fullwidth=\u00bbon\u00bb align_tablet=\u00bbcenter\u00bb align_phone=\u00bb\u00bb align_last_edited=\u00bbon|desktop\u00bb _builder_version=\u00bb4.0.7&#8243; animation_style=\u00bbslide\u00bb animation_direction=\u00bbleft\u00bb animation_duration=\u00bb500ms\u00bb animation_intensity_slide=\u00bb10%\u00bb][\/et_pb_image][\/et_pb_column][et_pb_column type=\u00bb1_4&#8243; _builder_version=\u00bb3.25&#8243; background_position=\u00bbtop_left\u00bb custom_padding=\u00bb|||\u00bb custom_padding__hover=\u00bb|||\u00bb][et_pb_image src=\u00bbhttps:\/\/eltonel.cat\/wp-content\/uploads\/2019\/12\/escalivada.jpg\u00bb force_fullwidth=\u00bbon\u00bb align_tablet=\u00bbcenter\u00bb align_phone=\u00bb\u00bb align_last_edited=\u00bbon|desktop\u00bb _builder_version=\u00bb4.0.7&#8243; animation_style=\u00bbslide\u00bb animation_direction=\u00bbleft\u00bb animation_duration=\u00bb500ms\u00bb animation_intensity_slide=\u00bb10%\u00bb locked=\u00bboff\u00bb][\/et_pb_image][\/et_pb_column][et_pb_column type=\u00bb1_4&#8243; _builder_version=\u00bb3.25&#8243; custom_padding=\u00bb|||\u00bb custom_padding__hover=\u00bb|||\u00bb][et_pb_image src=\u00bbhttps:\/\/eltonel.cat\/wp-content\/uploads\/2019\/12\/calamares-1.jpg\u00bb force_fullwidth=\u00bbon\u00bb align_tablet=\u00bbcenter\u00bb align_phone=\u00bb\u00bb align_last_edited=\u00bbon|desktop\u00bb _builder_version=\u00bb4.0.7&#8243; animation_style=\u00bbslide\u00bb animation_direction=\u00bbleft\u00bb animation_duration=\u00bb500ms\u00bb animation_intensity_slide=\u00bb10%\u00bb locked=\u00bboff\u00bb][\/et_pb_image][\/et_pb_column][et_pb_column type=\u00bb1_4&#8243; _builder_version=\u00bb3.25&#8243; custom_padding=\u00bb|||\u00bb custom_padding__hover=\u00bb|||\u00bb][et_pb_image src=\u00bbhttps:\/\/eltonel.cat\/wp-content\/uploads\/2019\/12\/bacalao.jpg\u00bb force_fullwidth=\u00bbon\u00bb align_tablet=\u00bbcenter\u00bb align_phone=\u00bb\u00bb align_last_edited=\u00bbon|desktop\u00bb _builder_version=\u00bb4.0.7&#8243; animation_style=\u00bbslide\u00bb animation_direction=\u00bbleft\u00bb animation_duration=\u00bb500ms\u00bb animation_intensity_slide=\u00bb10%\u00bb locked=\u00bboff\u00bb][\/et_pb_image][\/et_pb_column][\/et_pb_row][et_pb_row column_structure=\u00bb1_4,1_4,1_4,1_4&#8243; use_custom_gutter=\u00bbon\u00bb gutter_width=\u00bb2&#8243; module_class=\u00bb et_pb_row_fullwidth\u00bb _builder_version=\u00bb3.25&#8243; background_size=\u00bbinitial\u00bb background_position=\u00bbtop_left\u00bb background_repeat=\u00bbrepeat\u00bb width=\u00bb94%\u00bb width_tablet=\u00bb80%\u00bb width_phone=\u00bb\u00bb width_last_edited=\u00bbon|desktop\u00bb max_width=\u00bb94%\u00bb max_width_tablet=\u00bb80%\u00bb max_width_phone=\u00bb\u00bb max_width_last_edited=\u00bbon|desktop\u00bb custom_margin=\u00bb|||\u00bb custom_padding=\u00bb1.5%||1.5%|\u00bb make_fullwidth=\u00bbon\u00bb][et_pb_column type=\u00bb1_4&#8243; _builder_version=\u00bb3.25&#8243; background_position=\u00bbtop_left\u00bb custom_padding=\u00bb|||\u00bb custom_padding__hover=\u00bb|||\u00bb][et_pb_image src=\u00bbhttps:\/\/eltonel.cat\/wp-content\/uploads\/2019\/12\/ensalada.jpg\u00bb force_fullwidth=\u00bbon\u00bb align_tablet=\u00bbcenter\u00bb align_phone=\u00bb\u00bb align_last_edited=\u00bbon|desktop\u00bb _builder_version=\u00bb4.0.7&#8243; animation_style=\u00bbslide\u00bb animation_direction=\u00bbleft\u00bb animation_duration=\u00bb500ms\u00bb animation_intensity_slide=\u00bb10%\u00bb][\/et_pb_image][\/et_pb_column][et_pb_column type=\u00bb1_4&#8243; _builder_version=\u00bb3.25&#8243; background_position=\u00bbtop_left\u00bb custom_padding=\u00bb|||\u00bb custom_padding__hover=\u00bb|||\u00bb][et_pb_image src=\u00bbhttps:\/\/eltonel.cat\/wp-content\/uploads\/2019\/12\/croquetas.jpg\u00bb force_fullwidth=\u00bbon\u00bb align_tablet=\u00bbcenter\u00bb align_phone=\u00bb\u00bb align_last_edited=\u00bbon|desktop\u00bb _builder_version=\u00bb4.0.7&#8243; animation_style=\u00bbslide\u00bb animation_direction=\u00bbleft\u00bb animation_duration=\u00bb500ms\u00bb animation_intensity_slide=\u00bb10%\u00bb locked=\u00bboff\u00bb][\/et_pb_image][\/et_pb_column][et_pb_column type=\u00bb1_4&#8243; _builder_version=\u00bb3.25&#8243; custom_padding=\u00bb|||\u00bb custom_padding__hover=\u00bb|||\u00bb][et_pb_image src=\u00bbhttps:\/\/eltonel.cat\/wp-content\/uploads\/2019\/12\/picadillo.jpg\u00bb force_fullwidth=\u00bbon\u00bb align_tablet=\u00bbcenter\u00bb align_phone=\u00bb\u00bb align_last_edited=\u00bbon|desktop\u00bb _builder_version=\u00bb4.0.7&#8243; animation_style=\u00bbslide\u00bb animation_direction=\u00bbleft\u00bb animation_duration=\u00bb500ms\u00bb animation_intensity_slide=\u00bb10%\u00bb locked=\u00bboff\u00bb][\/et_pb_image][\/et_pb_column][et_pb_column type=\u00bb1_4&#8243; _builder_version=\u00bb3.25&#8243; custom_padding=\u00bb|||\u00bb custom_padding__hover=\u00bb|||\u00bb][et_pb_image src=\u00bbhttps:\/\/eltonel.cat\/wp-content\/uploads\/2019\/12\/patatas.jpg\u00bb force_fullwidth=\u00bbon\u00bb align_tablet=\u00bbcenter\u00bb align_phone=\u00bb\u00bb align_last_edited=\u00bbon|desktop\u00bb _builder_version=\u00bb4.0.7&#8243; animation_style=\u00bbslide\u00bb animation_direction=\u00bbleft\u00bb animation_duration=\u00bb500ms\u00bb animation_intensity_slide=\u00bb10%\u00bb locked=\u00bboff\u00bb][\/et_pb_image][\/et_pb_column][\/et_pb_row][et_pb_row column_structure=\u00bb1_4,1_4,1_4,1_4&#8243; use_custom_gutter=\u00bbon\u00bb gutter_width=\u00bb2&#8243; module_class=\u00bb et_pb_row_fullwidth\u00bb _builder_version=\u00bb3.25&#8243; background_size=\u00bbinitial\u00bb background_position=\u00bbtop_left\u00bb background_repeat=\u00bbrepeat\u00bb width=\u00bb94%\u00bb width_tablet=\u00bb80%\u00bb width_phone=\u00bb\u00bb width_last_edited=\u00bbon|desktop\u00bb max_width=\u00bb94%\u00bb max_width_tablet=\u00bb80%\u00bb max_width_phone=\u00bb\u00bb max_width_last_edited=\u00bbon|desktop\u00bb custom_margin=\u00bb|||\u00bb custom_padding=\u00bb1.5%||1.5%|\u00bb make_fullwidth=\u00bbon\u00bb][et_pb_column type=\u00bb1_4&#8243; _builder_version=\u00bb3.25&#8243; background_position=\u00bbtop_left\u00bb custom_padding=\u00bb|||\u00bb custom_padding__hover=\u00bb|||\u00bb][et_pb_image src=\u00bbhttps:\/\/eltonel.cat\/wp-content\/uploads\/2019\/12\/caracoles.jpg\u00bb force_fullwidth=\u00bbon\u00bb align_tablet=\u00bbcenter\u00bb align_phone=\u00bb\u00bb align_last_edited=\u00bbon|desktop\u00bb _builder_version=\u00bb4.0.7&#8243; animation_style=\u00bbslide\u00bb animation_direction=\u00bbleft\u00bb animation_duration=\u00bb500ms\u00bb animation_intensity_slide=\u00bb10%\u00bb][\/et_pb_image][\/et_pb_column][et_pb_column type=\u00bb1_4&#8243; _builder_version=\u00bb3.25&#8243; background_position=\u00bbtop_left\u00bb custom_padding=\u00bb|||\u00bb custom_padding__hover=\u00bb|||\u00bb][et_pb_image src=\u00bbhttps:\/\/eltonel.cat\/wp-content\/uploads\/2019\/12\/pies.jpg\u00bb _builder_version=\u00bb4.0.7&#8243;][\/et_pb_image][\/et_pb_column][et_pb_column type=\u00bb1_4&#8243; _builder_version=\u00bb3.25&#8243; custom_padding=\u00bb|||\u00bb custom_padding__hover=\u00bb|||\u00bb][et_pb_image src=\u00bbhttps:\/\/eltonel.cat\/wp-content\/uploads\/2019\/12\/macarrones.jpg\u00bb force_fullwidth=\u00bbon\u00bb align_tablet=\u00bbcenter\u00bb align_phone=\u00bb\u00bb align_last_edited=\u00bbon|desktop\u00bb _builder_version=\u00bb4.0.7&#8243; animation_style=\u00bbslide\u00bb animation_direction=\u00bbleft\u00bb animation_duration=\u00bb500ms\u00bb animation_intensity_slide=\u00bb10%\u00bb locked=\u00bboff\u00bb][\/et_pb_image][\/et_pb_column][et_pb_column type=\u00bb1_4&#8243; _builder_version=\u00bb3.25&#8243; custom_padding=\u00bb|||\u00bb custom_padding__hover=\u00bb|||\u00bb][et_pb_image src=\u00bbhttps:\/\/eltonel.cat\/wp-content\/uploads\/2019\/12\/berenjenas.jpg\u00bb force_fullwidth=\u00bbon\u00bb align_tablet=\u00bbcenter\u00bb align_phone=\u00bb\u00bb align_last_edited=\u00bbon|desktop\u00bb _builder_version=\u00bb4.0.7&#8243; animation_style=\u00bbslide\u00bb animation_direction=\u00bbleft\u00bb animation_duration=\u00bb500ms\u00bb animation_intensity_slide=\u00bb10%\u00bb locked=\u00bboff\u00bb][\/et_pb_image][\/et_pb_column][\/et_pb_row][et_pb_row column_structure=\u00bb1_4,1_4,1_4,1_4&#8243; use_custom_gutter=\u00bbon\u00bb gutter_width=\u00bb2&#8243; module_class=\u00bb et_pb_row_fullwidth\u00bb _builder_version=\u00bb3.25&#8243; background_size=\u00bbinitial\u00bb background_position=\u00bbtop_left\u00bb background_repeat=\u00bbrepeat\u00bb width=\u00bb94%\u00bb width_tablet=\u00bb80%\u00bb width_phone=\u00bb\u00bb width_last_edited=\u00bbon|desktop\u00bb max_width=\u00bb94%\u00bb max_width_tablet=\u00bb80%\u00bb max_width_phone=\u00bb\u00bb max_width_last_edited=\u00bbon|desktop\u00bb custom_margin=\u00bb|||\u00bb custom_padding=\u00bb1.5%||1.5%|\u00bb make_fullwidth=\u00bbon\u00bb][et_pb_column type=\u00bb1_4&#8243; _builder_version=\u00bb3.25&#8243; background_position=\u00bbtop_left\u00bb custom_padding=\u00bb|||\u00bb custom_padding__hover=\u00bb|||\u00bb][et_pb_image src=\u00bbhttps:\/\/eltonel.cat\/wp-content\/uploads\/2019\/12\/bacalao-tomate.jpg\u00bb align_tablet=\u00bbcenter\u00bb align_phone=\u00bb\u00bb align_last_edited=\u00bbon|desktop\u00bb _builder_version=\u00bb4.0.7&#8243; animation_style=\u00bbslide\u00bb animation_direction=\u00bbleft\u00bb animation_duration=\u00bb500ms\u00bb animation_intensity_slide=\u00bb10%\u00bb][\/et_pb_image][\/et_pb_column][et_pb_column type=\u00bb1_4&#8243; _builder_version=\u00bb3.25&#8243; background_position=\u00bbtop_left\u00bb custom_padding=\u00bb|||\u00bb custom_padding__hover=\u00bb|||\u00bb][et_pb_image src=\u00bbhttps:\/\/eltonel.cat\/wp-content\/uploads\/2019\/12\/tripa.jpg\u00bb align_tablet=\u00bbcenter\u00bb align_phone=\u00bb\u00bb align_last_edited=\u00bbon|desktop\u00bb _builder_version=\u00bb4.0.7&#8243; animation_style=\u00bbslide\u00bb animation_direction=\u00bbleft\u00bb animation_duration=\u00bb500ms\u00bb animation_intensity_slide=\u00bb10%\u00bb locked=\u00bboff\u00bb][\/et_pb_image][\/et_pb_column][et_pb_column type=\u00bb1_4&#8243; _builder_version=\u00bb3.25&#8243; custom_padding=\u00bb|||\u00bb custom_padding__hover=\u00bb|||\u00bb][et_pb_image src=\u00bbhttps:\/\/eltonel.cat\/wp-content\/uploads\/2019\/12\/ensaladilla.jpg\u00bb align_tablet=\u00bbcenter\u00bb align_phone=\u00bb\u00bb align_last_edited=\u00bbon|desktop\u00bb _builder_version=\u00bb4.0.7&#8243; animation_style=\u00bbslide\u00bb animation_direction=\u00bbleft\u00bb animation_duration=\u00bb500ms\u00bb animation_intensity_slide=\u00bb10%\u00bb locked=\u00bboff\u00bb][\/et_pb_image][\/et_pb_column][et_pb_column type=\u00bb1_4&#8243; _builder_version=\u00bb3.25&#8243; custom_padding=\u00bb|||\u00bb custom_padding__hover=\u00bb|||\u00bb][et_pb_image src=\u00bbhttps:\/\/eltonel.cat\/wp-content\/uploads\/2019\/12\/fideua.jpg\u00bb _builder_version=\u00bb4.0.7&#8243;][\/et_pb_image][\/et_pb_column][\/et_pb_row][\/et_pb_section][et_pb_section fb_built=\u00bb1&#8243; admin_label=\u00bbContact Us\u00bb _builder_version=\u00bb4.0.2&#8243; background_color=\u00bbrgba(0,0,0,0.75)\u00bb background_image=\u00bbhttps:\/\/eltonel.cat\/wp-content\/uploads\/2019\/10\/restaurant-hero-03.jpg\u00bb custom_padding=\u00bb100px|0px|100px|0px\u00bb hover_enabled=\u00bb0&#8243; locked=\u00bboff\u00bb collapsed=\u00bboff\u00bb][et_pb_row make_equal=\u00bbon\u00bb _builder_version=\u00bb4.0.7&#8243; background_size=\u00bbinitial\u00bb background_position=\u00bbtop_left\u00bb background_repeat=\u00bbrepeat\u00bb max_width=\u00bb1280px\u00bb custom_margin=\u00bb|||\u00bb custom_padding=\u00bb|||\u00bb hover_enabled=\u00bb0&#8243; use_custom_width=\u00bbon\u00bb custom_width_px=\u00bb1280px\u00bb][et_pb_column type=\u00bb4_4&#8243; _builder_version=\u00bb4.0.7&#8243; background_color=\u00bbrgba(206,173,141,0.83)\u00bb custom_padding=\u00bb100px|5%|100px|5%\u00bb hover_enabled=\u00bb0&#8243; custom_padding__hover=\u00bb|||\u00bb][et_pb_text _builder_version=\u00bb4.0.2&#8243; text_font=\u00bbPlayfair Display||||\u00bb text_text_color=\u00bb#474747&#8243; text_font_size=\u00bb40px\u00bb text_line_height=\u00bb1.3em\u00bb header_font=\u00bb||||||||\u00bb header_2_text_color=\u00bb#474747&#8243; header_2_font_size=\u00bb40px\u00bb header_3_font=\u00bbPlayfair Display||||||||\u00bb header_3_font_size=\u00bb30px\u00bb header_3_line_height=\u00bb1.3em\u00bb background_size=\u00bbinitial\u00bb background_position=\u00bbtop_left\u00bb background_repeat=\u00bbrepeat\u00bb text_orientation=\u00bbcenter\u00bb background_layout=\u00bbdark\u00bb max_width=\u00bb400px\u00bb module_alignment=\u00bbcenter\u00bb custom_margin=\u00bb-6px||||false|false\u00bb custom_padding=\u00bb||10px||false|false\u00bb hover_enabled=\u00bb0&#8243;]<\/p>\n<h2>BRASA<\/h2>\n<p>[\/et_pb_text][et_pb_text _builder_version=\u00bb4.0.2&#8243; text_font=\u00bbMontserrat||||\u00bb text_text_color=\u00bb#ffffff\u00bb text_font_size=\u00bb20px\u00bb text_line_height=\u00bb1.8em\u00bb header_font=\u00bb||||||||\u00bb header_font_size=\u00bb24px\u00bb header_3_font=\u00bb||||||||\u00bb background_size=\u00bbinitial\u00bb background_position=\u00bbtop_left\u00bb background_repeat=\u00bbrepeat\u00bb text_orientation=\u00bbcenter\u00bb background_layout=\u00bbdark\u00bb module_alignment=\u00bbcenter\u00bb custom_margin=\u00bb0px||0px||false|false\u00bb custom_padding=\u00bb0px||0px||false|false\u00bb]<\/p>\n<p>-Pollastre<br \/> -1\/2 Pollastre<br \/> -Conill<br \/> -Galtes de porc<br \/> -Botifarra<br \/> -Picant\u00f3 (un dia abans)<br \/> -Costell\u00f3 (un dia abans)<br \/> -Garr\u00ed (dos dies abans)<br \/> -Cabrit (dos dies abans)<\/p>\n<p>[\/et_pb_text][et_pb_text _builder_version=\u00bb4.0.2&#8243; text_font=\u00bbPlayfair Display||||||||\u00bb text_text_color=\u00bb#474747&#8243; text_font_size=\u00bb17px\u00bb text_line_height=\u00bb1.8em\u00bb header_font=\u00bb||||||||\u00bb header_text_color=\u00bb#474747&#8243; header_font_size=\u00bb40px\u00bb header_2_text_color=\u00bb#474747&#8243; header_2_font_size=\u00bb40px\u00bb header_3_font=\u00bb||||||||\u00bb background_size=\u00bbinitial\u00bb background_position=\u00bbtop_left\u00bb background_repeat=\u00bbrepeat\u00bb text_orientation=\u00bbcenter\u00bb background_layout=\u00bbdark\u00bb module_alignment=\u00bbcenter\u00bb custom_margin=\u00bb45px||31px||false|false\u00bb custom_padding=\u00bb20px||||false|false\u00bb]<\/p>\n<h2>MENJARS CASOLANS<\/h2>\n<p>&nbsp;[\/et_pb_text][et_pb_text _builder_version=\u00bb4.0.2&#8243; text_font=\u00bbMontserrat||||\u00bb text_text_color=\u00bb#e02b20&#8243; text_font_size=\u00bb20px\u00bb text_line_height=\u00bb1.8em\u00bb ul_text_align=\u00bbjustify\u00bb header_font=\u00bb||||||||\u00bb header_font_size=\u00bb24px\u00bb header_3_font=\u00bb||||||||\u00bb header_4_font_size=\u00bb20px\u00bb header_4_line_height=\u00bb1.2em\u00bb background_size=\u00bbinitial\u00bb background_position=\u00bbtop_left\u00bb background_repeat=\u00bbrepeat\u00bb text_orientation=\u00bbcenter\u00bb background_layout=\u00bbdark\u00bb module_alignment=\u00bbcenter\u00bb custom_margin=\u00bb-16px||||false|false\u00bb custom_padding=\u00bb0px||0px||false|false\u00bb]<\/p>\n<h4>-Canelons (6 unitats)<\/h4>\n<h4>-Peus de porc<\/h4>\n<h4>-Cap-i-pota \u00abCallos\u00bb<\/h4>\n<h4>-Vedella amb bolets<\/h4>\n<h4>-Cargols amb salsa<\/h4>\n<h4>-Bacall\u00e0 amb tom\u00e0quet<\/h4>\n<h4>-Calamars fracits<\/h4>\n<h4>-Fideu\u00e0<\/h4>\n<h4>-Alberg\u00ednia farcida<\/h4>\n<h4>-Macarrons<\/h4>\n<h4>-Escalivada<\/h4>\n<h4>-Esqueixada<\/h4>\n<h4>-Ensaladilla<\/h4>\n<h4>-Musclos amb \u00abPicadillo\u00bb<\/h4>\n<h4>-Salpic\u00f3 de marisc<\/h4>\n<h4><span style=\"font-size: 20px;\">-Croquetes de pollastre casolanes (8u.)<\/span><\/h4>\n<h4>-Croquetes de pernil (8 unitats)<\/h4>\n<h4>-Mini-croquetes (20 unitats)<\/h4>\n<h4>-Carxofes arrebossades<\/h4>\n<h4>-Alberg\u00ednia arrebossada<\/h4>\n<h4>-Mini-croquetes de pollastre casolanes (8u.)<\/h4>\n<h4>-Carxofes arrebossades<\/h4>\n<h4>-Calamars a la romana<\/h4>\n<h4>-Bunyols de bacall\u00e0<\/h4>\n<h4>-Patates d&#8217;Olot (4 unitats)<\/h4>\n<h4>-Patates al caliu (1 unitat)<\/h4>\n<h4>-Patates fregides<\/h4>\n<h4>-Patates braves<\/h4>\n<h4>-Allioli de la casa<\/h4>\n<h4>-Salsa brava de la casa<\/h4>\n<p>&nbsp;<\/p>\n<p>&nbsp;<\/p>\n<p>[\/et_pb_text][\/et_pb_column][\/et_pb_row][\/et_pb_section]<\/p>\n","protected":false},"excerpt":{"rendered":"<p>&nbsp; Tenim una gran varietat de menjars casolans i carns a la brasa &nbsp;BRASA-Pollastre -1\/2 Pollastre -Conill -Galtes de porc -Botifarra -Picant\u00f3 (un dia abans) -Costell\u00f3 (un dia abans) -Garr\u00ed (dos dies abans) -Cabrit (dos dies abans)MENJARS CASOLANS &nbsp;-Canelons (6 unitats) -Peus de porc -Cap-i-pota \u00abCallos\u00bb -Vedella amb bolets -Cargols amb salsa -Bacall\u00e0 amb tom\u00e0quet [&hellip;]<\/p>\n","protected":false},"author":1,"featured_media":0,"parent":0,"menu_order":0,"comment_status":"closed","ping_status":"closed","template":"","meta":{"_et_pb_use_builder":"on","_et_pb_old_content":"","_et_gb_content_width":"","footnotes":""},"class_list":["post-109","page","type-page","status-publish","hentry"],"_links":{"self":[{"href":"https:\/\/eltonel.cat\/index.php\/wp-json\/wp\/v2\/pages\/109","targetHints":{"allow":["GET"]}}],"collection":[{"href":"https:\/\/eltonel.cat\/index.php\/wp-json\/wp\/v2\/pages"}],"about":[{"href":"https:\/\/eltonel.cat\/index.php\/wp-json\/wp\/v2\/types\/page"}],"author":[{"embeddable":true,"href":"https:\/\/eltonel.cat\/index.php\/wp-json\/wp\/v2\/users\/1"}],"replies":[{"embeddable":true,"href":"https:\/\/eltonel.cat\/index.php\/wp-json\/wp\/v2\/comments?post=109"}],"version-history":[{"count":11,"href":"https:\/\/eltonel.cat\/index.php\/wp-json\/wp\/v2\/pages\/109\/revisions"}],"predecessor-version":[{"id":318,"href":"https:\/\/eltonel.cat\/index.php\/wp-json\/wp\/v2\/pages\/109\/revisions\/318"}],"wp:attachment":[{"href":"https:\/\/eltonel.cat\/index.php\/wp-json\/wp\/v2\/media?parent=109"}],"curies":[{"name":"wp","href":"https:\/\/api.w.org\/{rel}","templated":true}]}}